{"id":82,"date":"2026-01-26T11:28:16","date_gmt":"2026-01-26T11:28:16","guid":{"rendered":"http:\/\/briogroup.fr\/index.php\/home\/"},"modified":"2026-02-26T14:44:04","modified_gmt":"2026-02-26T14:44:04","slug":"home","status":"publish","type":"page","link":"https:\/\/briogroup.fr\/","title":{"rendered":"Home"},"content":{"rendered":"\t\t<div data-elementor-type=\"wp-page\" data-elementor-id=\"82\" class=\"elementor elementor-82\" data-elementor-post-type=\"page\">\n\t\t\t\t<div class=\"elementor-element elementor-element-1e5db4e e-flex e-con-boxed e-con e-parent\" data-id=\"1e5db4e\" data-element_type=\"container\" data-settings=\"{&quot;background_background&quot;:&quot;classic&quot;}\">\n\t\t\t\t\t<div class=\"e-con-inner\">\n\t\t\t\t<div class=\"elementor-element elementor-element-6170bbd elementor-widget elementor-widget-image\" data-id=\"6170bbd\" data-element_type=\"widget\" data-widget_type=\"image.default\">\n\t\t\t\t\t\t\t\t\t\t\t\t\t\t\t<img fetchpriority=\"high\" decoding=\"async\" width=\"800\" height=\"357\" src=\"https:\/\/briogroup.fr\/wp-content\/uploads\/2026\/01\/BRIO-Logotype-Sans-baseline-Rose-1024x457.png\" class=\"attachment-large size-large wp-image-110\" alt=\"\" srcset=\"https:\/\/briogroup.fr\/wp-content\/uploads\/2026\/01\/BRIO-Logotype-Sans-baseline-Rose-1024x457.png 1024w, https:\/\/briogroup.fr\/wp-content\/uploads\/2026\/01\/BRIO-Logotype-Sans-baseline-Rose-300x134.png 300w, https:\/\/briogroup.fr\/wp-content\/uploads\/2026\/01\/BRIO-Logotype-Sans-baseline-Rose-768x343.png 768w, https:\/\/briogroup.fr\/wp-content\/uploads\/2026\/01\/BRIO-Logotype-Sans-baseline-Rose-1536x685.png 1536w, https:\/\/briogroup.fr\/wp-content\/uploads\/2026\/01\/BRIO-Logotype-Sans-baseline-Rose-2048x914.png 2048w\" sizes=\"(max-width: 800px) 100vw, 800px\" \/>\t\t\t\t\t\t\t\t\t\t\t\t\t\t\t<\/div>\n\t\t\t\t<div class=\"elementor-element elementor-element-53af07a7 elementor-widget elementor-widget-heading\" data-id=\"53af07a7\" data-element_type=\"widget\" data-widget_type=\"heading.default\">\n\t\t\t\t\t<h4 class=\"elementor-heading-title elementor-size-default\">Traiteur \u00e9v\u00e9nementiel<\/h4>\t\t\t\t<\/div>\n\t\t\t\t\t<\/div>\n\t\t\t\t<\/div>\n\t\t<div class=\"elementor-element elementor-element-73734866 e-flex e-con-boxed e-con e-parent\" data-id=\"73734866\" data-element_type=\"container\">\n\t\t\t\t\t<div class=\"e-con-inner\">\n\t\t\t\t<div class=\"elementor-element elementor-element-11fd74d2 elementor-widget elementor-widget-heading\" data-id=\"11fd74d2\" data-element_type=\"widget\" data-widget_type=\"heading.default\">\n\t\t\t\t\t<p class=\"elementor-heading-title elementor-size-default\">Il r\u00e9alisent leurs \u00e9v\u00e9nements avec <b>BRIO<\/b><\/p>\t\t\t\t<\/div>\n\t\t\t\t<div class=\"elementor-element elementor-element-7f2d138b elementor-widget elementor-widget-image-carousel\" data-id=\"7f2d138b\" data-element_type=\"widget\" data-settings=\"{&quot;slides_to_show&quot;:&quot;9&quot;,&quot;slides_to_show_tablet&quot;:&quot;4&quot;,&quot;navigation&quot;:&quot;none&quot;,&quot;pause_on_interaction&quot;:&quot;no&quot;,&quot;image_spacing_custom&quot;:{&quot;unit&quot;:&quot;px&quot;,&quot;size&quot;:0,&quot;sizes&quot;:[]},&quot;slides_to_scroll_tablet&quot;:&quot;1&quot;,&quot;lazyload&quot;:&quot;yes&quot;,&quot;speed&quot;:2000,&quot;autoplay&quot;:&quot;yes&quot;,&quot;pause_on_hover&quot;:&quot;yes&quot;,&quot;infinite&quot;:&quot;yes&quot;,&quot;image_spacing_custom_tablet&quot;:{&quot;unit&quot;:&quot;px&quot;,&quot;size&quot;:&quot;&quot;,&quot;sizes&quot;:[]},&quot;image_spacing_custom_mobile&quot;:{&quot;unit&quot;:&quot;px&quot;,&quot;size&quot;:&quot;&quot;,&quot;sizes&quot;:[]}}\" data-widget_type=\"image-carousel.default\">\n\t\t\t\t\t\t\t<div class=\"elementor-image-carousel-wrapper swiper\" role=\"region\" aria-roledescription=\"carousel\" aria-label=\"Image Carousel\" dir=\"ltr\">\n\t\t\t<div class=\"elementor-image-carousel swiper-wrapper\" aria-live=\"off\">\n\t\t\t\t\t\t\t\t<div class=\"swiper-slide\" role=\"group\" aria-roledescription=\"slide\" aria-label=\"1 of 15\"><figure class=\"swiper-slide-inner\"><img class=\"swiper-slide-image swiper-lazy\" data-src=\"https:\/\/briogroup.fr\/wp-content\/uploads\/2026\/01\/23-1.png\" alt=\"23.png\" \/><div class=\"swiper-lazy-preloader\"><\/div><\/figure><\/div><div class=\"swiper-slide\" role=\"group\" aria-roledescription=\"slide\" aria-label=\"2 of 15\"><figure class=\"swiper-slide-inner\"><img class=\"swiper-slide-image swiper-lazy\" data-src=\"https:\/\/briogroup.fr\/wp-content\/uploads\/2026\/01\/9-1.png\" alt=\"9-1.png\" \/><div class=\"swiper-lazy-preloader\"><\/div><\/figure><\/div><div class=\"swiper-slide\" role=\"group\" aria-roledescription=\"slide\" aria-label=\"3 of 15\"><figure class=\"swiper-slide-inner\"><img class=\"swiper-slide-image swiper-lazy\" data-src=\"https:\/\/briogroup.fr\/wp-content\/uploads\/2026\/01\/10-1.png\" alt=\"10-1.png\" \/><div class=\"swiper-lazy-preloader\"><\/div><\/figure><\/div><div class=\"swiper-slide\" role=\"group\" aria-roledescription=\"slide\" aria-label=\"4 of 15\"><figure class=\"swiper-slide-inner\"><img class=\"swiper-slide-image swiper-lazy\" data-src=\"https:\/\/briogroup.fr\/wp-content\/uploads\/2026\/01\/11-1.png\" alt=\"11-1.png\" \/><div class=\"swiper-lazy-preloader\"><\/div><\/figure><\/div><div class=\"swiper-slide\" role=\"group\" aria-roledescription=\"slide\" aria-label=\"5 of 15\"><figure class=\"swiper-slide-inner\"><img class=\"swiper-slide-image swiper-lazy\" data-src=\"https:\/\/briogroup.fr\/wp-content\/uploads\/2026\/01\/12-1.png\" alt=\"12-1.png\" \/><div class=\"swiper-lazy-preloader\"><\/div><\/figure><\/div><div class=\"swiper-slide\" role=\"group\" aria-roledescription=\"slide\" aria-label=\"6 of 15\"><figure class=\"swiper-slide-inner\"><img class=\"swiper-slide-image swiper-lazy\" data-src=\"https:\/\/briogroup.fr\/wp-content\/uploads\/2026\/01\/13-1.png\" alt=\"13-1.png\" \/><div class=\"swiper-lazy-preloader\"><\/div><\/figure><\/div><div class=\"swiper-slide\" role=\"group\" aria-roledescription=\"slide\" aria-label=\"7 of 15\"><figure class=\"swiper-slide-inner\"><img class=\"swiper-slide-image swiper-lazy\" data-src=\"https:\/\/briogroup.fr\/wp-content\/uploads\/2026\/01\/14-1.png\" alt=\"14-1.png\" \/><div class=\"swiper-lazy-preloader\"><\/div><\/figure><\/div><div class=\"swiper-slide\" role=\"group\" aria-roledescription=\"slide\" aria-label=\"8 of 15\"><figure class=\"swiper-slide-inner\"><img class=\"swiper-slide-image swiper-lazy\" data-src=\"https:\/\/briogroup.fr\/wp-content\/uploads\/2026\/01\/15-1.png\" alt=\"15-1.png\" \/><div class=\"swiper-lazy-preloader\"><\/div><\/figure><\/div><div class=\"swiper-slide\" role=\"group\" aria-roledescription=\"slide\" aria-label=\"9 of 15\"><figure class=\"swiper-slide-inner\"><img class=\"swiper-slide-image swiper-lazy\" data-src=\"https:\/\/briogroup.fr\/wp-content\/uploads\/2026\/01\/16.png\" alt=\"16.png\" \/><div class=\"swiper-lazy-preloader\"><\/div><\/figure><\/div><div class=\"swiper-slide\" role=\"group\" aria-roledescription=\"slide\" aria-label=\"10 of 15\"><figure class=\"swiper-slide-inner\"><img class=\"swiper-slide-image swiper-lazy\" data-src=\"https:\/\/briogroup.fr\/wp-content\/uploads\/2026\/01\/17-1.png\" alt=\"17-1.png\" \/><div class=\"swiper-lazy-preloader\"><\/div><\/figure><\/div><div class=\"swiper-slide\" role=\"group\" aria-roledescription=\"slide\" aria-label=\"11 of 15\"><figure class=\"swiper-slide-inner\"><img class=\"swiper-slide-image swiper-lazy\" data-src=\"https:\/\/briogroup.fr\/wp-content\/uploads\/2026\/01\/18.png\" alt=\"18.png\" \/><div class=\"swiper-lazy-preloader\"><\/div><\/figure><\/div><div class=\"swiper-slide\" role=\"group\" aria-roledescription=\"slide\" aria-label=\"12 of 15\"><figure class=\"swiper-slide-inner\"><img class=\"swiper-slide-image swiper-lazy\" data-src=\"https:\/\/briogroup.fr\/wp-content\/uploads\/2026\/01\/19-1.png\" alt=\"19-1.png\" \/><div class=\"swiper-lazy-preloader\"><\/div><\/figure><\/div><div class=\"swiper-slide\" role=\"group\" aria-roledescription=\"slide\" aria-label=\"13 of 15\"><figure class=\"swiper-slide-inner\"><img class=\"swiper-slide-image swiper-lazy\" data-src=\"https:\/\/briogroup.fr\/wp-content\/uploads\/2026\/01\/20.png\" alt=\"20.png\" \/><div class=\"swiper-lazy-preloader\"><\/div><\/figure><\/div><div class=\"swiper-slide\" role=\"group\" aria-roledescription=\"slide\" aria-label=\"14 of 15\"><figure class=\"swiper-slide-inner\"><img class=\"swiper-slide-image swiper-lazy\" data-src=\"https:\/\/briogroup.fr\/wp-content\/uploads\/2026\/01\/21-1.png\" alt=\"21.png\" \/><div class=\"swiper-lazy-preloader\"><\/div><\/figure><\/div><div class=\"swiper-slide\" role=\"group\" aria-roledescription=\"slide\" aria-label=\"15 of 15\"><figure class=\"swiper-slide-inner\"><img class=\"swiper-slide-image swiper-lazy\" data-src=\"https:\/\/briogroup.fr\/wp-content\/uploads\/2026\/01\/22-1.png\" alt=\"22.png\" \/><div class=\"swiper-lazy-preloader\"><\/div><\/figure><\/div>\t\t\t<\/div>\n\t\t\t\t\t\t\t\n\t\t\t\t\t\t\t\t\t<\/div>\n\t\t\t\t\t\t<\/div>\n\t\t\t\t\t<\/div>\n\t\t\t\t<\/div>\n\t\t<div class=\"elementor-element elementor-element-6727419a e-flex e-con-boxed e-con e-parent\" data-id=\"6727419a\" data-element_type=\"container\" data-settings=\"{&quot;background_background&quot;:&quot;classic&quot;}\">\n\t\t\t\t\t<div class=\"e-con-inner\">\n\t\t\t\t<div class=\"elementor-element elementor-element-7671586f elementor-widget elementor-widget-image\" data-id=\"7671586f\" data-element_type=\"widget\" data-widget_type=\"image.default\">\n\t\t\t\t\t\t\t\t\t\t\t\t\t\t\t<img fetchpriority=\"high\" decoding=\"async\" width=\"800\" height=\"357\" src=\"https:\/\/briogroup.fr\/wp-content\/uploads\/2026\/01\/BRIO-Logotype-Sans-baseline-Rose-1024x457.png\" class=\"attachment-large size-large wp-image-110\" alt=\"\" srcset=\"https:\/\/briogroup.fr\/wp-content\/uploads\/2026\/01\/BRIO-Logotype-Sans-baseline-Rose-1024x457.png 1024w, https:\/\/briogroup.fr\/wp-content\/uploads\/2026\/01\/BRIO-Logotype-Sans-baseline-Rose-300x134.png 300w, https:\/\/briogroup.fr\/wp-content\/uploads\/2026\/01\/BRIO-Logotype-Sans-baseline-Rose-768x343.png 768w, https:\/\/briogroup.fr\/wp-content\/uploads\/2026\/01\/BRIO-Logotype-Sans-baseline-Rose-1536x685.png 1536w, https:\/\/briogroup.fr\/wp-content\/uploads\/2026\/01\/BRIO-Logotype-Sans-baseline-Rose-2048x914.png 2048w\" sizes=\"(max-width: 800px) 100vw, 800px\" \/>\t\t\t\t\t\t\t\t\t\t\t\t\t\t\t<\/div>\n\t\t\t\t<div class=\"elementor-element elementor-element-3471146 elementor-widget elementor-widget-heading\" data-id=\"3471146\" data-element_type=\"widget\" data-widget_type=\"heading.default\">\n\t\t\t\t\t<h4 class=\"elementor-heading-title elementor-size-default\">Traiteur \u00e9v\u00e9nementiel<\/h4>\t\t\t\t<\/div>\n\t\t\t\t\t<\/div>\n\t\t\t\t<\/div>\n\t\t\t\t<\/div>\n\t\t","protected":false},"excerpt":{"rendered":"<p>Traiteur \u00e9v\u00e9nementiel Il r\u00e9alisent leurs \u00e9v\u00e9nements avec BRIO Traiteur \u00e9v\u00e9nementiel<\/p>\n","protected":false},"author":1,"featured_media":0,"parent":0,"menu_order":0,"comment_status":"closed","ping_status":"closed","template":"","meta":{"footnotes":""},"class_list":["post-82","page","type-page","status-publish","hentry"],"_links":{"self":[{"href":"https:\/\/briogroup.fr\/index.php\/wp-json\/wp\/v2\/pages\/82","targetHints":{"allow":["GET"]}}],"collection":[{"href":"https:\/\/briogroup.fr\/index.php\/wp-json\/wp\/v2\/pages"}],"about":[{"href":"https:\/\/briogroup.fr\/index.php\/wp-json\/wp\/v2\/types\/page"}],"author":[{"embeddable":true,"href":"https:\/\/briogroup.fr\/index.php\/wp-json\/wp\/v2\/users\/1"}],"replies":[{"embeddable":true,"href":"https:\/\/briogroup.fr\/index.php\/wp-json\/wp\/v2\/comments?post=82"}],"version-history":[{"count":67,"href":"https:\/\/briogroup.fr\/index.php\/wp-json\/wp\/v2\/pages\/82\/revisions"}],"predecessor-version":[{"id":255,"href":"https:\/\/briogroup.fr\/index.php\/wp-json\/wp\/v2\/pages\/82\/revisions\/255"}],"wp:attachment":[{"href":"https:\/\/briogroup.fr\/index.php\/wp-json\/wp\/v2\/media?parent=82"}],"curies":[{"name":"wp","href":"https:\/\/api.w.org\/{rel}","templated":true}]}}